{"id":8165,"date":"2026-04-27T08:21:37","date_gmt":"2026-04-27T06:21:37","guid":{"rendered":"https:\/\/villa-lostura.com\/unterkunft-ausstattung\/"},"modified":"2026-05-07T07:35:32","modified_gmt":"2026-05-07T05:35:32","slug":"unterkunft-ausstattung","status":"publish","type":"page","link":"https:\/\/villa-lostura.com\/de\/unterkunft-ausstattung\/","title":{"rendered":"Unterkunft &#038; Ausstattung"},"content":{"rendered":"<p>[et_pb_section fb_built=&#8220;1&#8243; admin_label=&#8220;Header&#8220; _builder_version=&#8220;4.27.6&#8243; _module_preset=&#8220;default&#8220; background_color=&#8220;#faf5ef&#8220; background_image=&#8220;https:\/\/villa-lostura.com\/wp-content\/uploads\/2026\/04\/villa_lostura_klenovica_header_objekt.jpg&#8220; top_divider_color=&#8220;#faf5ef&#8220; border_radii=&#8220;on|20px|20px|20px|20px&#8220; border_width_all=&#8220;1vw&#8220; border_color_all=&#8220;RGBA(255,255,255,0)&#8220; border_width_top=&#8220;5vw&#8220; border_width_all_tablet=&#8220;5vw&#8220; border_width_all_phone=&#8220;0vw&#8220; border_width_all_last_edited=&#8220;on|desktop&#8220; global_colors_info=&#8220;{}&#8220;][et_pb_row custom_padding_last_edited=&#8220;on|desktop&#8220; _builder_version=&#8220;4.27.6&#8243; _module_preset=&#8220;default&#8220; background_color=&#8220;rgba(250,245,239,0.75)&#8220; custom_margin=&#8220;5%||5%||false|false&#8220; custom_padding=&#8220;50px|50px|50px|50px|true|true&#8220; custom_padding_tablet=&#8220;30px|30px|30px|30px|true|true&#8220; custom_padding_phone=&#8220;20px|20px|20px|20px|true|true&#8220; border_radii=&#8220;on|28px|28px|28px|28px&#8220; box_shadow_style=&#8220;preset1&#8243; global_colors_info=&#8220;{}&#8220;][et_pb_column type=&#8220;4_4&#8243; _builder_version=&#8220;4.17.6&#8243; _module_preset=&#8220;default&#8220; global_colors_info=&#8220;{}&#8220;][et_pb_text _builder_version=&#8220;4.27.6&#8243; _module_preset=&#8220;e6504a1b-67eb-4b3d-b023-bcab277610b6&#8243; header_4_font=&#8220;&#8211;et_global_heading_font|700||on|||||&#8220; header_4_text_color=&#8220;#0088ba&#8220; header_4_font_size=&#8220;14px&#8220; header_4_letter_spacing=&#8220;1px&#8220; header_4_line_height=&#8220;1.4em&#8220; text_orientation=&#8220;center&#8220; custom_margin=&#8220;||0px||false|false&#8220; hover_enabled=&#8220;0&#8243; global_colors_info=&#8220;{}&#8220; sticky_enabled=&#8220;0&#8243;]<\/p>\n<h4>FERIENHAUS UND FERIENWOHNUNGEN*** | Klenovica | Kroatien<\/h4>\n<p>[\/et_pb_text][et_pb_text _builder_version=&#8220;4.27.6&#8243; _module_preset=&#8220;c16985e1-e0d6-4022-964d-e2bfc04fa633&#8243; header_font=&#8220;&#8211;et_global_heading_font|700||on|||||&#8220; header_text_color=&#8220;#4c88ae&#8220; header_font_size=&#8220;75px&#8220; header_letter_spacing=&#8220;0.05em&#8220; header_line_height=&#8220;1.2em&#8220; text_orientation=&#8220;center&#8220; header_font_size_tablet=&#8220;40px&#8220; header_font_size_phone=&#8220;24px&#8220; header_font_size_last_edited=&#8220;on|desktop&#8220; header_text_shadow_style=&#8220;preset1&#8243; global_colors_info=&#8220;{}&#8220;]<\/p>\n<h1>Villa Lostura<\/h1>\n<p>[\/et_pb_text][\/et_pb_column][\/et_pb_row][et_pb_row column_structure=&#8220;1_4,1_4,1_4,1_4&#8243; use_custom_gutter=&#8220;on&#8220; gutter_width=&#8220;1&#8243; make_equal=&#8220;on&#8220; custom_padding_last_edited=&#8220;off|desktop&#8220; _builder_version=&#8220;4.27.6&#8243; _module_preset=&#8220;default&#8220; background_color=&#8220;rgba(250,245,239,0.87)&#8220; transform_scale_last_edited=&#8220;off|desktop&#8220; transform_translate_tablet=&#8220;0px|80%&#8220; transform_translate_phone=&#8220;0px|0%&#8220; transform_translate_last_edited=&#8220;off|desktop&#8220; transform_rotate_last_edited=&#8220;off|desktop&#8220; transform_skew_last_edited=&#8220;off|desktop&#8220; transform_origin_last_edited=&#8220;off|desktop&#8220; transform_styles_last_edited=&#8220;off|desktop&#8220; z_index=&#8220;10&#8243; width=&#8220;90%&#8220; width_last_edited=&#8220;off|desktop&#8220; max_width=&#8220;50%&#8220; custom_margin=&#8220;-3vw||||false|false&#8220; custom_margin_tablet=&#8220;||0vw||false|false&#8220; custom_margin_phone=&#8220;||0vw||false|false&#8220; custom_margin_last_edited=&#8220;on|desktop&#8220; custom_padding_tablet=&#8220;30px|30px|30px|30px|true|true&#8220; custom_padding_phone=&#8220;||||true|true&#8220; border_radii=&#8220;on|14px|14px|14px|14px&#8220; box_shadow_style=&#8220;preset1&#8243; box_shadow_vertical=&#8220;20px&#8220; box_shadow_blur=&#8220;50px&#8220; box_shadow_color=&#8220;rgba(63,22,0,0.2)&#8220; locked=&#8220;off&#8220; global_colors_info=&#8220;{}&#8220;][et_pb_column type=&#8220;1_4&#8243; _builder_version=&#8220;4.17.6&#8243; _module_preset=&#8220;default&#8220; custom_padding=&#8220;20px|20px|20px|20px|true|true&#8220; border_color_all=&#8220;#EBE4DD&#8220; border_width_right=&#8220;2px&#8220; border_width_right_tablet=&#8220;0px&#8220; border_width_right_phone=&#8220;0px&#8220; border_width_right_last_edited=&#8220;on|tablet&#8220; global_colors_info=&#8220;{}&#8220;][et_pb_blurb title=&#8220;Zidinice bb, 51252 Klenovica&#8220; use_icon=&#8220;on&#8220; font_icon=&#8220;&#xf3c5;||fa||900&#8243; icon_color=&#8220;#4c88ae&#8220; icon_placement=&#8220;left&#8220; image_icon_width=&#8220;24px&#8220; content_max_width=&#8220;100%&#8220; _builder_version=&#8220;4.27.6&#8243; _module_preset=&#8220;b62950b2-9f88-417a-a624-825d61ec2a3d&#8220; header_font=&#8220;&#8211;et_global_heading_font|700|||||||&#8220; header_text_color=&#8220;#D37643&#8243; header_font_size=&#8220;14px&#8220; header_letter_spacing=&#8220;1px&#8220; header_line_height=&#8220;1.4em&#8220; animation=&#8220;off&#8220; locked=&#8220;off&#8220; global_colors_info=&#8220;{}&#8220;][\/et_pb_blurb][\/et_pb_column][et_pb_column type=&#8220;1_4&#8243; _builder_version=&#8220;4.17.6&#8243; _module_preset=&#8220;default&#8220; custom_padding=&#8220;20px|20px|20px|20px|true|true&#8220; border_color_all=&#8220;#EBE4DD&#8220; border_width_right=&#8220;2px&#8220; border_width_right_tablet=&#8220;0px&#8220; border_width_right_phone=&#8220;0px&#8220; border_width_right_last_edited=&#8220;on|tablet&#8220; global_colors_info=&#8220;{}&#8220;][et_pb_blurb title=&#8220;sales@luje.hr&#8220; use_icon=&#8220;on&#8220; font_icon=&#8220;&#xf0b1;||fa||900&#8243; icon_color=&#8220;#4c88ae&#8220; icon_placement=&#8220;left&#8220; image_icon_width=&#8220;24px&#8220; content_max_width=&#8220;100%&#8220; _builder_version=&#8220;4.27.6&#8243; _module_preset=&#8220;b62950b2-9f88-417a-a624-825d61ec2a3d&#8220; header_font=&#8220;&#8211;et_global_heading_font|700|||||||&#8220; header_text_align=&#8220;left&#8220; header_text_color=&#8220;#D37643&#8243; header_font_size=&#8220;14px&#8220; header_letter_spacing=&#8220;1px&#8220; header_line_height=&#8220;1.4em&#8220; animation=&#8220;off&#8220; locked=&#8220;off&#8220; global_colors_info=&#8220;{}&#8220;][\/et_pb_blurb][\/et_pb_column][et_pb_column type=&#8220;1_4&#8243; _builder_version=&#8220;4.27.6&#8243; _module_preset=&#8220;default&#8220; custom_padding=&#8220;20px|20px|20px|20px|true|true&#8220; border_color_all=&#8220;#EBE4DD&#8220; border_width_right=&#8220;2px&#8220; border_width_right_tablet=&#8220;0px&#8220; border_width_right_phone=&#8220;0px&#8220; border_width_right_last_edited=&#8220;on|tablet&#8220; global_colors_info=&#8220;{}&#8220;][et_pb_blurb title=&#8220;+385 51 291 893&#8243; use_icon=&#8220;on&#8220; font_icon=&#8220;&#xf879;||fa||900&#8243; icon_color=&#8220;#4c88ae&#8220; icon_placement=&#8220;left&#8220; image_icon_width=&#8220;24px&#8220; content_max_width=&#8220;100%&#8220; _builder_version=&#8220;4.27.6&#8243; _module_preset=&#8220;b62950b2-9f88-417a-a624-825d61ec2a3d&#8220; header_font=&#8220;&#8211;et_global_heading_font|700||on|||||&#8220; header_text_color=&#8220;#D37643&#8243; header_font_size=&#8220;14px&#8220; header_letter_spacing=&#8220;1px&#8220; header_line_height=&#8220;1.4em&#8220; animation=&#8220;off&#8220; locked=&#8220;off&#8220; global_colors_info=&#8220;{}&#8220;][\/et_pb_blurb][\/et_pb_column][et_pb_column type=&#8220;1_4&#8243; _builder_version=&#8220;4.27.6&#8243; _module_preset=&#8220;default&#8220; custom_padding=&#8220;20px|20px|20px|20px|true|true&#8220; border_color_all=&#8220;#EBE4DD&#8220; border_width_right=&#8220;2px&#8220; border_width_right_tablet=&#8220;0px&#8220; border_width_right_phone=&#8220;0px&#8220; border_width_right_last_edited=&#8220;on|tablet&#8220; global_colors_info=&#8220;{}&#8220;][et_pb_blurb title=&#8220;45.102772\u00b0 N, 14.843641\u00b0 E&#8220; use_icon=&#8220;on&#8220; font_icon=&#8220;&#xf0ac;||fa||900&#8243; icon_color=&#8220;#4c88ae&#8220; icon_placement=&#8220;left&#8220; image_icon_width=&#8220;24px&#8220; content_max_width=&#8220;100%&#8220; _builder_version=&#8220;4.27.6&#8243; _module_preset=&#8220;b62950b2-9f88-417a-a624-825d61ec2a3d&#8220; header_font=&#8220;&#8211;et_global_heading_font|700||on|||||&#8220; header_text_color=&#8220;#D37643&#8243; header_font_size=&#8220;14px&#8220; header_letter_spacing=&#8220;1px&#8220; header_line_height=&#8220;1.4em&#8220; animation=&#8220;off&#8220; locked=&#8220;off&#8220; global_colors_info=&#8220;{}&#8220;][\/et_pb_blurb][\/et_pb_column][\/et_pb_row][\/et_pb_section][et_pb_section fb_built=&#8220;1&#8243; admin_label=&#8220;About&#8220; _builder_version=&#8220;4.27.6&#8243; _module_preset=&#8220;default&#8220; background_color=&#8220;#FAF5EF&#8220; custom_padding=&#8220;0px||||false|false&#8220; global_colors_info=&#8220;{}&#8220;][et_pb_row use_custom_gutter=&#8220;on&#8220; _builder_version=&#8220;4.27.6&#8243; _module_preset=&#8220;default&#8220; max_width=&#8220;50%&#8220; min_height=&#8220;141px&#8220; custom_margin=&#8220;36px|auto||auto||&#8220; global_colors_info=&#8220;{}&#8220;][et_pb_column type=&#8220;4_4&#8243; _builder_version=&#8220;4.27.6&#8243; _module_preset=&#8220;default&#8220; global_colors_info=&#8220;{}&#8220;][et_pb_text _builder_version=&#8220;4.27.6&#8243; _module_preset=&#8220;c16985e1-e0d6-4022-964d-e2bfc04fa633&#8243; header_font=&#8220;&#8211;et_global_heading_font|700||on|||||&#8220; header_text_color=&#8220;#4c88ae&#8220; header_font_size=&#8220;50px&#8220; header_letter_spacing=&#8220;0.05em&#8220; header_line_height=&#8220;1.2em&#8220; text_orientation=&#8220;center&#8220; header_font_size_tablet=&#8220;40px&#8220; header_font_size_phone=&#8220;24px&#8220; header_font_size_last_edited=&#8220;on|desktop&#8220; header_text_shadow_style=&#8220;preset1&#8243; global_colors_info=&#8220;{}&#8220;]<\/p>\n<h1>\u00dcber Villa Lostura<\/h1>\n<p>[\/et_pb_text][et_pb_text _builder_version=&#8220;4.27.6&#8243; _module_preset=&#8220;default&#8220; text_font=&#8220;&#8211;et_global_body_font||||||||&#8220; text_text_color=&#8220;#000000&#8243; text_font_size=&#8220;16px&#8220; header_2_font=&#8220;|700|||||||&#8220; header_2_text_align=&#8220;center&#8220; header_2_text_color=&#8220;#4c88ae&#8220; header_2_font_size=&#8220;30px&#8220; header_4_font=&#8220;&#8211;et_global_heading_font|&#8211;et_global_body_font_weight|||||||&#8220; text_orientation=&#8220;center&#8220; header_2_text_shadow_style=&#8220;preset1&#8243; header_2_text_shadow_color=&#8220;#FFFFFF&#8220; global_colors_info=&#8220;{}&#8220;]<\/p>\n<h4><strong>Villa Lostura<\/strong> ist ein exklusives Ferienhaus, das entweder als ganzes Objekt oder \u00fcber eines der zehn sorgf\u00e4ltig ausgestatteten Apartments gemietet werden kann. Das gesamte Objekt steht f\u00fcr einen Mindestaufenthalt von einer Woche bis maximal zwei Wochen zur Verf\u00fcgung und ist ideal f\u00fcr gr\u00f6\u00dfere Familien, Gruppen von Freunden oder kleinere Team\u2011Building\u2011Aufenthalte, die Privatsph\u00e4re und hohen Komfort w\u00fcnschen.<\/h4>\n<p><\/p>\n<h4>F\u00fcr G\u00e4ste, die nicht das gesamte Haus ben\u00f6tigen, besteht die M\u00f6glichkeit, einzelne Apartments zu mieten \u2013 ebenfalls f\u00fcr einen Zeitraum von mindestens einer Woche bis h\u00f6chstens zwei Wochen \u2013 mit Nutzung aller gemeinschaftlichen Einrichtungen.<\/h4>\n<p><\/p>\n<h4>Das Herz der Villa bilden gro\u00dfz\u00fcgige Gemeinschaftsbereiche, die sich \u00fcber das Erdgeschoss und das Zwischengeschoss erstrecken: eine gro\u00dfe Lobby und Halle f\u00fcr Empfang und geselliges Beisammensein, ein Raum f\u00fcr gemeinsame Treffen sowie eine Rezeption und Servicebereiche, die einen angenehmen und gut organisierten Aufenthalt gew\u00e4hrleisten. Im Zwischengeschoss befinden sich zudem eine Terrasse und ein Sanit\u00e4rbereich, die den G\u00e4sten praktische Zonen f\u00fcr eine Pause zwischen dem Aufenthalt in den Apartments und der Nutzung der Einrichtungen bieten.<\/h4>\n<p><\/p>\n<h4>Die Villa bietet eine gro\u00dfe Auswahl an Annehmlichkeiten f\u00fcr einen erholsamen, aber auch aktiven Urlaub. Im Erdgeschoss befinden sich ein Freizeitbereich, ein Innenpool und ein Au\u00dfenpool, ideal zum Baden das ganze Jahr \u00fcber, sowie eine Sauna f\u00fcr vollkommene Entspannung. Au\u00dferdem stehen den G\u00e4sten ein Fitnessraum, eine Tischtennisplatte und zus\u00e4tzliche Aufenthaltsr\u00e4ume zur Verf\u00fcgung, wodurch Villa Lostura sowohl f\u00fcr einen ruhigen Familienurlaub als auch f\u00fcr den Aufenthalt gr\u00f6\u00dferer Gruppen, die Zeit miteinander verbringen m\u00f6chten, hervorragend geeignet ist.<\/h4>\n<p><\/p>\n<h4>In den Obergeschossen sind Apartments verschiedener Typen untergebracht, jedes mit eigenem Schlafzimmer, Wohnzimmer und K\u00fcche oder einem offenen Lounge\u2011\/K\u00fcchenkonzept, je nach Apartment. Diese Aufteilung bietet jedem Gast gen\u00fcgend Privatsph\u00e4re, mit der M\u00f6glichkeit, sich in den Gemeinschaftsbereichen, auf den Terrassen oder am Pool zu treffen. Dank der Kombination aus privaten Wohneinheiten und gro\u00dfz\u00fcgig gestalteten Gemeinschaftszonen verbindet Villa Lostura auf nat\u00fcrliche Weise das Gef\u00fchl einer privaten Unterkunft mit der Atmosph\u00e4re eines kleinen Boutique\u2011Hotels.<\/h4>\n<p>[\/et_pb_text][\/et_pb_column][\/et_pb_row][\/et_pb_section][et_pb_section fb_built=&#8220;1&#8243; admin_label=&#8220;About&#8220; _builder_version=&#8220;4.27.6&#8243; _module_preset=&#8220;default&#8220; background_color=&#8220;#FAF5EF&#8220; use_background_color_gradient=&#8220;on&#8220; background_color_gradient_stops=&#8220;#faf5ef 0%|#ebe4dd 100%&#8220; custom_padding=&#8220;0px||||false|false&#8220; global_colors_info=&#8220;{}&#8220;][et_pb_row column_structure=&#8220;1_3,1_3,1_3&#8243; use_custom_gutter=&#8220;on&#8220; _builder_version=&#8220;4.27.6&#8243; _module_preset=&#8220;default&#8220; max_width=&#8220;80%&#8220; global_colors_info=&#8220;{}&#8220;][et_pb_column type=&#8220;1_3&#8243; _builder_version=&#8220;4.17.6&#8243; _module_preset=&#8220;default&#8220; global_colors_info=&#8220;{}&#8220;][et_pb_image src=&#8220;https:\/\/villa-lostura.com\/wp-content\/uploads\/2026\/03\/villa_lostura_tlocrt1.png&#8220; alt=&#8220;Villa Lostura | Ferienhaus | Apartments | Klenovica | Kroatien&#8220; title_text=&#8220;Villa Lostura | Ferienhaus | Apartments | Klenovica | Kroatien&#8220; show_in_lightbox=&#8220;on&#8220; show_bottom_space=&#8220;off&#8220; module_class=&#8220;lostura-lightbox&#8220; _builder_version=&#8220;4.27.6&#8243; _module_preset=&#8220;default&#8220; scroll_vertical_motion=&#8220;0|50|50|100|1|0|-1&#8243; global_colors_info=&#8220;{}&#8220;][\/et_pb_image][\/et_pb_column][et_pb_column type=&#8220;1_3&#8243; _builder_version=&#8220;4.17.6&#8243; _module_preset=&#8220;default&#8220; global_colors_info=&#8220;{}&#8220;][et_pb_image src=&#8220;https:\/\/villa-lostura.com\/wp-content\/uploads\/2026\/03\/villa_lostura_tlocrt2.png&#8220; alt=&#8220;Villa Lostura | Ferienhaus | Apartments | Klenovica | Kroatien&#8220; title_text=&#8220;Villa Lostura | Ferienhaus | Apartments | Klenovica | Kroatien&#8220; show_in_lightbox=&#8220;on&#8220; module_class=&#8220;lostura-lightbox&#8220; _builder_version=&#8220;4.27.6&#8243; _module_preset=&#8220;default&#8220; global_colors_info=&#8220;{}&#8220;][\/et_pb_image][\/et_pb_column][et_pb_column type=&#8220;1_3&#8243; _builder_version=&#8220;4.17.6&#8243; _module_preset=&#8220;default&#8220; global_colors_info=&#8220;{}&#8220;][et_pb_image src=&#8220;https:\/\/villa-lostura.com\/wp-content\/uploads\/2026\/03\/villa_lostura_tlocrt3.png&#8220; alt=&#8220;Villa Lostura | Ferienhaus | Apartments | Klenovica | Kroatien&#8220; title_text=&#8220;Villa Lostura | Ferienhaus | Apartments | Klenovica | Kroatien&#8220; show_in_lightbox=&#8220;on&#8220; module_class=&#8220;lostura-lightbox&#8220; _builder_version=&#8220;4.27.6&#8243; _module_preset=&#8220;default&#8220; global_colors_info=&#8220;{}&#8220;][\/et_pb_image][\/et_pb_column][\/et_pb_row][\/et_pb_section][et_pb_section fb_built=&#8220;1&#8243; _builder_version=&#8220;4.27.6&#8243; _module_preset=&#8220;default&#8220; background_color=&#8220;#ebe4dd&#8220; global_colors_info=&#8220;{}&#8220;][et_pb_row _builder_version=&#8220;4.27.6&#8243; _module_preset=&#8220;default&#8220; global_colors_info=&#8220;{}&#8220;][et_pb_column type=&#8220;4_4&#8243; _builder_version=&#8220;4.27.6&#8243; _module_preset=&#8220;default&#8220; global_colors_info=&#8220;{}&#8220;][et_pb_text _builder_version=&#8220;4.27.6&#8243; _module_preset=&#8220;c16985e1-e0d6-4022-964d-e2bfc04fa633&#8243; header_font=&#8220;&#8211;et_global_heading_font|700||on|||||&#8220; header_text_color=&#8220;#4c88ae&#8220; header_font_size=&#8220;50px&#8220; header_letter_spacing=&#8220;0.05em&#8220; header_line_height=&#8220;1.2em&#8220; text_orientation=&#8220;center&#8220; header_font_size_tablet=&#8220;40px&#8220; header_font_size_phone=&#8220;24px&#8220; header_font_size_last_edited=&#8220;on|desktop&#8220; header_text_shadow_style=&#8220;preset1&#8243; global_colors_info=&#8220;{}&#8220;]<\/p>\n<h1>Villa Lostura \u2013 Galerie<\/h1>\n<p>[\/et_pb_text][\/et_pb_column][\/et_pb_row][\/et_pb_section][et_pb_section fb_built=&#8220;1&#8243; admin_label=&#8220;About&#8220; _builder_version=&#8220;4.27.6&#8243; _module_preset=&#8220;default&#8220; background_color=&#8220;#ebe4dd&#8220; custom_padding=&#8220;0px||||false|false&#8220; global_colors_info=&#8220;{}&#8220;][et_pb_row _builder_version=&#8220;4.27.6&#8243; _module_preset=&#8220;default&#8220; max_width=&#8220;80%&#8220; global_colors_info=&#8220;{}&#8220;][et_pb_column type=&#8220;4_4&#8243; _builder_version=&#8220;4.27.6&#8243; _module_preset=&#8220;default&#8220; global_colors_info=&#8220;{}&#8220;][et_pb_gallery gallery_ids=&#8220;8143,8144,8145,8146,8156,8157,8158,8159,8160,8161,8162,8163&#8243; posts_number=&#8220;12&#8243; show_title_and_caption=&#8220;off&#8220; show_pagination=&#8220;off&#8220; hover_icon=&#8220;&#xe00f;||divi||400&#8243; _builder_version=&#8220;4.27.6&#8243; _module_preset=&#8220;default&#8220; title_text_color=&#8220;#4c88ae&#8220; caption_text_color=&#8220;#4c88ae&#8220; pagination_text_color=&#8220;#4c88ae&#8220; border_radii_image=&#8220;on|10px|10px|10px|10px&#8220; box_shadow_style_image=&#8220;preset1&#8243; global_colors_info=&#8220;{}&#8220;][\/et_pb_gallery][\/et_pb_column][\/et_pb_row][\/et_pb_section]<\/p>\n","protected":false},"excerpt":{"rendered":"<p>FERIENHAUS UND FERIENWOHNUNGEN*** | Klenovica | KroatienVilla Lostura\u00dcber Villa LosturaVilla Lostura ist ein exklusives Ferienhaus, das entweder als ganzes Objekt oder \u00fcber eines der zehn sorgf\u00e4ltig ausgestatteten Apartments gemietet werden kann. Das gesamte Objekt steht f\u00fcr einen Mindestaufenthalt von einer Woche bis maximal zwei Wochen zur Verf\u00fcgung und ist ideal f\u00fcr gr\u00f6\u00dfere Familien, Gruppen von [&hellip;]<\/p>\n","protected":false},"author":1,"featured_media":0,"parent":0,"menu_order":0,"comment_status":"closed","ping_status":"closed","template":"","meta":{"_et_pb_use_builder":"on","_et_pb_old_content":"","_et_gb_content_width":"","footnotes":""},"class_list":["post-8165","page","type-page","status-publish","hentry"],"_links":{"self":[{"href":"https:\/\/villa-lostura.com\/de\/wp-json\/wp\/v2\/pages\/8165","targetHints":{"allow":["GET"]}}],"collection":[{"href":"https:\/\/villa-lostura.com\/de\/wp-json\/wp\/v2\/pages"}],"about":[{"href":"https:\/\/villa-lostura.com\/de\/wp-json\/wp\/v2\/types\/page"}],"author":[{"embeddable":true,"href":"https:\/\/villa-lostura.com\/de\/wp-json\/wp\/v2\/users\/1"}],"replies":[{"embeddable":true,"href":"https:\/\/villa-lostura.com\/de\/wp-json\/wp\/v2\/comments?post=8165"}],"version-history":[{"count":3,"href":"https:\/\/villa-lostura.com\/de\/wp-json\/wp\/v2\/pages\/8165\/revisions"}],"predecessor-version":[{"id":8168,"href":"https:\/\/villa-lostura.com\/de\/wp-json\/wp\/v2\/pages\/8165\/revisions\/8168"}],"wp:attachment":[{"href":"https:\/\/villa-lostura.com\/de\/wp-json\/wp\/v2\/media?parent=8165"}],"curies":[{"name":"wp","href":"https:\/\/api.w.org\/{rel}","templated":true}]}}