{"id":8171,"date":"2026-04-19T13:14:02","date_gmt":"2026-04-19T11:14:02","guid":{"rendered":"https:\/\/villa-lostura.com\/klenovica-lage\/"},"modified":"2026-05-07T08:26:17","modified_gmt":"2026-05-07T06:26:17","slug":"klenovica-lage","status":"publish","type":"page","link":"https:\/\/villa-lostura.com\/de\/klenovica-lage\/","title":{"rendered":"Klenovica Lage"},"content":{"rendered":"<p>[et_pb_section fb_built=&#8220;1&#8243; admin_label=&#8220;Header&#8220; _builder_version=&#8220;4.27.6&#8243; _module_preset=&#8220;default&#8220; background_color=&#8220;#faf5ef&#8220; background_image=&#8220;https:\/\/villa-lostura.com\/wp-content\/uploads\/2026\/04\/villa_lostura_klenovica_header_lokacija.jpg&#8220; top_divider_color=&#8220;#faf5ef&#8220; border_radii=&#8220;on|20px|20px|20px|20px&#8220; border_width_all=&#8220;1vw&#8220; border_color_all=&#8220;RGBA(255,255,255,0)&#8220; border_width_top=&#8220;5vw&#8220; border_width_all_tablet=&#8220;5vw&#8220; border_width_all_phone=&#8220;0vw&#8220; border_width_all_last_edited=&#8220;on|desktop&#8220; global_colors_info=&#8220;{}&#8220;][et_pb_row custom_padding_last_edited=&#8220;on|desktop&#8220; _builder_version=&#8220;4.27.6&#8243; _module_preset=&#8220;default&#8220; background_color=&#8220;rgba(250,245,239,0.75)&#8220; custom_margin=&#8220;5%||5%||false|false&#8220; custom_padding=&#8220;50px|50px|50px|50px|true|true&#8220; custom_padding_tablet=&#8220;30px|30px|30px|30px|true|true&#8220; custom_padding_phone=&#8220;20px|20px|20px|20px|true|true&#8220; border_radii=&#8220;on|28px|28px|28px|28px&#8220; box_shadow_style=&#8220;preset1&#8243; global_colors_info=&#8220;{}&#8220;][et_pb_column type=&#8220;4_4&#8243; _builder_version=&#8220;4.17.6&#8243; _module_preset=&#8220;default&#8220; global_colors_info=&#8220;{}&#8220;][et_pb_text _builder_version=&#8220;4.27.6&#8243; _module_preset=&#8220;e6504a1b-67eb-4b3d-b023-bcab277610b6&#8243; header_4_font=&#8220;&#8211;et_global_heading_font|700||on|||||&#8220; header_4_text_color=&#8220;#0088ba&#8220; header_4_font_size=&#8220;14px&#8220; header_4_letter_spacing=&#8220;1px&#8220; header_4_line_height=&#8220;1.4em&#8220; text_orientation=&#8220;center&#8220; custom_margin=&#8220;||0px||false|false&#8220; hover_enabled=&#8220;0&#8243; global_colors_info=&#8220;{}&#8220; sticky_enabled=&#8220;0&#8243; header_4_font_size_last_edited=&#8220;on|phone&#8220; header_4_font_size_tablet=&#8220;14px&#8220; header_4_font_size_phone=&#8220;14px&#8220;]<\/p>\n<h4>FERIENHAUS UND FERIENWOHNUNGEN*** | Klenovica | Kroatien<\/h4>\n<p>[\/et_pb_text][et_pb_text _builder_version=&#8220;4.27.6&#8243; _module_preset=&#8220;c16985e1-e0d6-4022-964d-e2bfc04fa633&#8243; header_font=&#8220;&#8211;et_global_heading_font|700||on|||||&#8220; header_text_color=&#8220;#4c88ae&#8220; header_font_size=&#8220;75px&#8220; header_letter_spacing=&#8220;0.05em&#8220; header_line_height=&#8220;1.2em&#8220; text_orientation=&#8220;center&#8220; header_font_size_tablet=&#8220;40px&#8220; header_font_size_phone=&#8220;24px&#8220; header_font_size_last_edited=&#8220;on|desktop&#8220; header_text_shadow_style=&#8220;preset1&#8243; global_colors_info=&#8220;{}&#8220;]<\/p>\n<h1>Villa Lostura<\/h1>\n<p>[\/et_pb_text][\/et_pb_column][\/et_pb_row][et_pb_row column_structure=&#8220;1_4,1_4,1_4,1_4&#8243; use_custom_gutter=&#8220;on&#8220; gutter_width=&#8220;1&#8243; make_equal=&#8220;on&#8220; custom_padding_last_edited=&#8220;off|desktop&#8220; _builder_version=&#8220;4.27.6&#8243; _module_preset=&#8220;default&#8220; background_color=&#8220;rgba(250,245,239,0.87)&#8220; transform_scale_last_edited=&#8220;off|desktop&#8220; transform_translate_tablet=&#8220;0px|80%&#8220; transform_translate_phone=&#8220;0px|0%&#8220; transform_translate_last_edited=&#8220;off|desktop&#8220; transform_rotate_last_edited=&#8220;off|desktop&#8220; transform_skew_last_edited=&#8220;off|desktop&#8220; transform_origin_last_edited=&#8220;off|desktop&#8220; transform_styles_last_edited=&#8220;off|desktop&#8220; z_index=&#8220;10&#8243; width=&#8220;90%&#8220; width_last_edited=&#8220;off|desktop&#8220; max_width=&#8220;50%&#8220; custom_margin=&#8220;-3vw||||false|false&#8220; custom_margin_tablet=&#8220;||0vw||false|false&#8220; custom_margin_phone=&#8220;||0vw||false|false&#8220; custom_margin_last_edited=&#8220;on|desktop&#8220; custom_padding_tablet=&#8220;30px|30px|30px|30px|true|true&#8220; custom_padding_phone=&#8220;||||true|true&#8220; border_radii=&#8220;on|14px|14px|14px|14px&#8220; box_shadow_style=&#8220;preset1&#8243; box_shadow_vertical=&#8220;20px&#8220; box_shadow_blur=&#8220;50px&#8220; box_shadow_color=&#8220;rgba(63,22,0,0.2)&#8220; locked=&#8220;off&#8220; global_colors_info=&#8220;{}&#8220;][et_pb_column type=&#8220;1_4&#8243; _builder_version=&#8220;4.17.6&#8243; _module_preset=&#8220;default&#8220; custom_padding=&#8220;20px|20px|20px|20px|true|true&#8220; border_color_all=&#8220;#EBE4DD&#8220; border_width_right=&#8220;2px&#8220; border_width_right_tablet=&#8220;0px&#8220; border_width_right_phone=&#8220;0px&#8220; border_width_right_last_edited=&#8220;on|tablet&#8220; global_colors_info=&#8220;{}&#8220;][et_pb_blurb title=&#8220;Zidinice bb, 51252 Klenovica&#8220; use_icon=&#8220;on&#8220; font_icon=&#8220;&#xf3c5;||fa||900&#8243; icon_color=&#8220;#4c88ae&#8220; icon_placement=&#8220;left&#8220; image_icon_width=&#8220;24px&#8220; content_max_width=&#8220;100%&#8220; _builder_version=&#8220;4.27.6&#8243; _module_preset=&#8220;b62950b2-9f88-417a-a624-825d61ec2a3d&#8220; header_font=&#8220;&#8211;et_global_heading_font|700|||||||&#8220; header_text_color=&#8220;#D37643&#8243; header_font_size=&#8220;14px&#8220; header_letter_spacing=&#8220;1px&#8220; header_line_height=&#8220;1.4em&#8220; animation=&#8220;off&#8220; locked=&#8220;off&#8220; global_colors_info=&#8220;{}&#8220;][\/et_pb_blurb][\/et_pb_column][et_pb_column type=&#8220;1_4&#8243; _builder_version=&#8220;4.17.6&#8243; _module_preset=&#8220;default&#8220; custom_padding=&#8220;20px|20px|20px|20px|true|true&#8220; border_color_all=&#8220;#EBE4DD&#8220; border_width_right=&#8220;2px&#8220; border_width_right_tablet=&#8220;0px&#8220; border_width_right_phone=&#8220;0px&#8220; border_width_right_last_edited=&#8220;on|tablet&#8220; global_colors_info=&#8220;{}&#8220;][et_pb_blurb title=&#8220;sales@luje.hr&#8220; use_icon=&#8220;on&#8220; font_icon=&#8220;&#xf0b1;||fa||900&#8243; icon_color=&#8220;#4c88ae&#8220; icon_placement=&#8220;left&#8220; image_icon_width=&#8220;24px&#8220; content_max_width=&#8220;100%&#8220; _builder_version=&#8220;4.27.6&#8243; _module_preset=&#8220;b62950b2-9f88-417a-a624-825d61ec2a3d&#8220; header_font=&#8220;&#8211;et_global_heading_font|700|||||||&#8220; header_text_align=&#8220;left&#8220; header_text_color=&#8220;#D37643&#8243; header_font_size=&#8220;14px&#8220; header_letter_spacing=&#8220;1px&#8220; header_line_height=&#8220;1.4em&#8220; animation=&#8220;off&#8220; locked=&#8220;off&#8220; global_colors_info=&#8220;{}&#8220;][\/et_pb_blurb][\/et_pb_column][et_pb_column type=&#8220;1_4&#8243; _builder_version=&#8220;4.27.6&#8243; _module_preset=&#8220;default&#8220; custom_padding=&#8220;20px|20px|20px|20px|true|true&#8220; border_color_all=&#8220;#EBE4DD&#8220; border_width_right=&#8220;2px&#8220; border_width_right_tablet=&#8220;0px&#8220; border_width_right_phone=&#8220;0px&#8220; border_width_right_last_edited=&#8220;on|tablet&#8220; global_colors_info=&#8220;{}&#8220;][et_pb_blurb title=&#8220;+385 51 291 893&#8243; use_icon=&#8220;on&#8220; font_icon=&#8220;&#xf879;||fa||900&#8243; icon_color=&#8220;#4c88ae&#8220; icon_placement=&#8220;left&#8220; image_icon_width=&#8220;24px&#8220; content_max_width=&#8220;100%&#8220; _builder_version=&#8220;4.27.6&#8243; _module_preset=&#8220;b62950b2-9f88-417a-a624-825d61ec2a3d&#8220; header_font=&#8220;&#8211;et_global_heading_font|700||on|||||&#8220; header_text_color=&#8220;#D37643&#8243; header_font_size=&#8220;14px&#8220; header_letter_spacing=&#8220;1px&#8220; header_line_height=&#8220;1.4em&#8220; animation=&#8220;off&#8220; locked=&#8220;off&#8220; global_colors_info=&#8220;{}&#8220;][\/et_pb_blurb][\/et_pb_column][et_pb_column type=&#8220;1_4&#8243; _builder_version=&#8220;4.27.6&#8243; _module_preset=&#8220;default&#8220; custom_padding=&#8220;20px|20px|20px|20px|true|true&#8220; border_color_all=&#8220;#EBE4DD&#8220; border_width_right=&#8220;2px&#8220; border_width_right_tablet=&#8220;0px&#8220; border_width_right_phone=&#8220;0px&#8220; border_width_right_last_edited=&#8220;on|tablet&#8220; global_colors_info=&#8220;{}&#8220;][et_pb_blurb title=&#8220;45.102772\u00b0 N, 14.843641\u00b0 E&#8220; use_icon=&#8220;on&#8220; font_icon=&#8220;&#xf0ac;||fa||900&#8243; icon_color=&#8220;#4c88ae&#8220; icon_placement=&#8220;left&#8220; image_icon_width=&#8220;24px&#8220; content_max_width=&#8220;100%&#8220; _builder_version=&#8220;4.27.6&#8243; _module_preset=&#8220;b62950b2-9f88-417a-a624-825d61ec2a3d&#8220; header_font=&#8220;&#8211;et_global_heading_font|700||on|||||&#8220; header_text_color=&#8220;#D37643&#8243; header_font_size=&#8220;14px&#8220; header_letter_spacing=&#8220;1px&#8220; header_line_height=&#8220;1.4em&#8220; animation=&#8220;off&#8220; locked=&#8220;off&#8220; global_colors_info=&#8220;{}&#8220;][\/et_pb_blurb][\/et_pb_column][\/et_pb_row][\/et_pb_section][et_pb_section fb_built=&#8220;1&#8243; admin_label=&#8220;About&#8220; _builder_version=&#8220;4.27.6&#8243; _module_preset=&#8220;default&#8220; background_color=&#8220;#FAF5EF&#8220; custom_padding=&#8220;0px||||false|false&#8220; global_colors_info=&#8220;{}&#8220;][et_pb_row use_custom_gutter=&#8220;on&#8220; _builder_version=&#8220;4.27.6&#8243; _module_preset=&#8220;default&#8220; max_width=&#8220;50%&#8220; min_height=&#8220;141px&#8220; custom_margin=&#8220;36px|auto||auto||&#8220; global_colors_info=&#8220;{}&#8220;][et_pb_column type=&#8220;4_4&#8243; _builder_version=&#8220;4.27.6&#8243; _module_preset=&#8220;default&#8220; global_colors_info=&#8220;{}&#8220;][et_pb_text _builder_version=&#8220;4.27.6&#8243; _module_preset=&#8220;c16985e1-e0d6-4022-964d-e2bfc04fa633&#8243; header_font=&#8220;&#8211;et_global_heading_font|700||on|||||&#8220; header_text_color=&#8220;#4c88ae&#8220; header_font_size=&#8220;50px&#8220; header_letter_spacing=&#8220;0.05em&#8220; header_line_height=&#8220;1.2em&#8220; text_orientation=&#8220;center&#8220; header_font_size_tablet=&#8220;40px&#8220; header_font_size_phone=&#8220;24px&#8220; header_font_size_last_edited=&#8220;on|desktop&#8220; header_text_shadow_style=&#8220;preset1&#8243; global_colors_info=&#8220;{}&#8220;]<\/p>\n<h1>Standort Villa Lostura \u2013 Klenovica<\/h1>\n<p>[\/et_pb_text][et_pb_text _builder_version=&#8220;4.27.6&#8243; _module_preset=&#8220;default&#8220; text_font=&#8220;&#8211;et_global_body_font||||||||&#8220; text_text_color=&#8220;#000000&#8243; text_font_size=&#8220;16px&#8220; header_2_font=&#8220;|700|||||||&#8220; header_2_text_align=&#8220;center&#8220; header_2_text_color=&#8220;#4c88ae&#8220; header_2_font_size=&#8220;30px&#8220; header_4_font=&#8220;&#8211;et_global_heading_font|&#8211;et_global_body_font_weight|||||||&#8220; text_orientation=&#8220;center&#8220; header_2_text_shadow_style=&#8220;preset1&#8243; header_2_text_shadow_color=&#8220;#FFFFFF&#8220; global_colors_info=&#8220;{}&#8220;]<\/p>\n<h4><strong>Klenovica<\/strong> ist ein ruhiger K\u00fcstenort in idealer Lage zwischen <strong>Rijeka<\/strong> und <strong>Senj<\/strong>, perfekt f\u00fcr G\u00e4ste, die die <strong>Kvarner\u2011Region<\/strong> erkunden und gleichzeitig eine eigene Ruheoase direkt am Meer haben m\u00f6chten. Dank der N\u00e4he zur Autobahn ist Klenovica aus verschiedenen Teilen <strong>Kroatiens<\/strong> und <strong>Europas<\/strong> schnell und unkompliziert erreichbar, ohne lange Fahrten \u00fcber Landstra\u00dfen.<\/h4>\n<p><\/p>\n<h4>In einem kleinen Umkreis liegen zahlreiche interessante Ausflugsziele \u2013 die Stadt <strong>Rijeka<\/strong>, das historische <strong>Senj<\/strong>, die Inseln <strong>Krk<\/strong>, <strong>Rab<\/strong> und <strong>Pag<\/strong> sowie die Nationalparks <strong>N\u00f6rdlicher Velebit<\/strong> und <strong>Plitvicer Seen<\/strong>. Dadurch ist Klenovica ein hervorragender Ausgangspunkt f\u00fcr Tagesausfl\u00fcge. F\u00fcr G\u00e4ste, die mit dem Flugzeug anreisen, ist die N\u00e4he zum <strong>Flughafen Rijeka<\/strong> auf der <strong>Insel Krk<\/strong> besonders praktisch \u2013 von dort erreicht man <strong>Villa Lostura<\/strong> in einer relativ kurzen Fahrzeit.<\/h4>\n<p><\/p>\n<h4>Obwohl Klenovica verkehrstechnisch sehr gut angebunden ist, bewahrt der Ort den Charme einer kleineren K\u00fcsten\u00adsiedlung \u2013 ohne gro\u00dfe Menschenmengen, mit sauberem Meer, entspannter Atmosph\u00e4re, Spazierwegen entlang der K\u00fcste und einem authentischen Erlebnis des Aufenthalts an der kroatischen Adria. Gerade diese Kombination aus ruhigem Ort, kristallklarem Meer und ausgezeichneter Verkehrsanbindung macht Villa Lostura zum ideal gelegenen Ausgangspunkt f\u00fcr Urlaub und Erkundung der gesamten Kvarner\u2011Region.<\/h4>\n<p>[\/et_pb_text][\/et_pb_column][\/et_pb_row][\/et_pb_section][et_pb_section fb_built=&#8220;1&#8243; fullwidth=&#8220;on&#8220; _builder_version=&#8220;4.27.6&#8243; _module_preset=&#8220;default&#8220; global_colors_info=&#8220;{}&#8220;][et_pb_fullwidth_map address=&#8220;Klenovica, Croatia&#8220; zoom_level=&#8220;8&#8243; address_lat=&#8220;45.101632&#8243; address_lng=&#8220;14.8445516&#8243; _builder_version=&#8220;4.27.6&#8243; _module_preset=&#8220;default&#8220; height=&#8220;640px&#8220; child_filter_hue_rotate=&#8220;22deg&#8220; child_filter_saturate=&#8220;155%&#8220; box_shadow_style=&#8220;preset1&#8243; box_shadow_position=&#8220;inner&#8220; global_colors_info=&#8220;{}&#8220;][et_pb_map_pin pin_address=&#8220;Zidinice 2, 51250, Klenovica, Croatia&#8220; zoom_level=&#8220;16&#8243; pin_address_lat=&#8220;45.102457447097&#8243; pin_address_lng=&#8220;14.843645013353&#8243; _builder_version=&#8220;4.27.6&#8243; _module_preset=&#8220;default&#8220; global_colors_info=&#8220;{}&#8220;]<\/p>\n<p><img decoding=\"async\" src=\"https:\/\/villa-lostura.com\/wp-content\/uploads\/2026\/03\/villa-lostura-logo.svg\" width=\"168\" height=\"168\" alt=\"Villa Lostura | Klenovica | Odmor | Apartmani | Iznajmljivanje\" class=\"wp-image-48 alignnone size-medium\" \/><\/p>\n<p>[\/et_pb_map_pin][\/et_pb_fullwidth_map][\/et_pb_section]<\/p>\n","protected":false},"excerpt":{"rendered":"<p>FERIENHAUS UND FERIENWOHNUNGEN*** | Klenovica | KroatienVilla LosturaStandort Villa Lostura \u2013 KlenovicaKlenovica ist ein ruhiger K\u00fcstenort in idealer Lage zwischen Rijeka und Senj, perfekt f\u00fcr G\u00e4ste, die die Kvarner\u2011Region erkunden und gleichzeitig eine eigene Ruheoase direkt am Meer haben m\u00f6chten. Dank der N\u00e4he zur Autobahn ist Klenovica aus verschiedenen Teilen Kroatiens und Europas schnell und [&hellip;]<\/p>\n","protected":false},"author":1,"featured_media":0,"parent":0,"menu_order":0,"comment_status":"closed","ping_status":"closed","template":"","meta":{"_et_pb_use_builder":"on","_et_pb_old_content":"","_et_gb_content_width":"","footnotes":""},"class_list":["post-8171","page","type-page","status-publish","hentry"],"_links":{"self":[{"href":"https:\/\/villa-lostura.com\/de\/wp-json\/wp\/v2\/pages\/8171","targetHints":{"allow":["GET"]}}],"collection":[{"href":"https:\/\/villa-lostura.com\/de\/wp-json\/wp\/v2\/pages"}],"about":[{"href":"https:\/\/villa-lostura.com\/de\/wp-json\/wp\/v2\/types\/page"}],"author":[{"embeddable":true,"href":"https:\/\/villa-lostura.com\/de\/wp-json\/wp\/v2\/users\/1"}],"replies":[{"embeddable":true,"href":"https:\/\/villa-lostura.com\/de\/wp-json\/wp\/v2\/comments?post=8171"}],"version-history":[{"count":2,"href":"https:\/\/villa-lostura.com\/de\/wp-json\/wp\/v2\/pages\/8171\/revisions"}],"predecessor-version":[{"id":8173,"href":"https:\/\/villa-lostura.com\/de\/wp-json\/wp\/v2\/pages\/8171\/revisions\/8173"}],"wp:attachment":[{"href":"https:\/\/villa-lostura.com\/de\/wp-json\/wp\/v2\/media?parent=8171"}],"curies":[{"name":"wp","href":"https:\/\/api.w.org\/{rel}","templated":true}]}}