{"id":8370,"date":"2026-04-27T08:21:37","date_gmt":"2026-04-27T06:21:37","guid":{"rendered":"https:\/\/villa-lostura.com\/obiekt-i-wyposazenie\/"},"modified":"2026-05-07T13:20:47","modified_gmt":"2026-05-07T11:20:47","slug":"obiekt-i-wyposazenie","status":"publish","type":"page","link":"https:\/\/villa-lostura.com\/pl\/obiekt-i-wyposazenie\/","title":{"rendered":"Obiekt i wyposa\u017cenie"},"content":{"rendered":"<p>[et_pb_section fb_built=&#8221;1&#8243; admin_label=&#8221;Header&#8221; _builder_version=&#8221;4.27.6&#8243; _module_preset=&#8221;default&#8221; background_color=&#8221;#faf5ef&#8221; background_image=&#8221;https:\/\/villa-lostura.com\/wp-content\/uploads\/2026\/04\/villa_lostura_klenovica_header_objekt.jpg&#8221; top_divider_color=&#8221;#faf5ef&#8221; border_radii=&#8221;on|20px|20px|20px|20px&#8221; border_width_all=&#8221;1vw&#8221; border_color_all=&#8221;RGBA(255,255,255,0)&#8221; border_width_top=&#8221;5vw&#8221; border_width_all_tablet=&#8221;5vw&#8221; border_width_all_phone=&#8221;0vw&#8221; border_width_all_last_edited=&#8221;on|desktop&#8221; global_colors_info=&#8221;{}&#8221;][et_pb_row custom_padding_last_edited=&#8221;on|desktop&#8221; _builder_version=&#8221;4.27.6&#8243; _module_preset=&#8221;default&#8221; background_color=&#8221;rgba(250,245,239,0.75)&#8221; custom_margin=&#8221;5%||5%||false|false&#8221; custom_padding=&#8221;50px|50px|50px|50px|true|true&#8221; custom_padding_tablet=&#8221;30px|30px|30px|30px|true|true&#8221; custom_padding_phone=&#8221;20px|20px|20px|20px|true|true&#8221; border_radii=&#8221;on|28px|28px|28px|28px&#8221; box_shadow_style=&#8221;preset1&#8243; global_colors_info=&#8221;{}&#8221;][et_pb_column type=&#8221;4_4&#8243; _builder_version=&#8221;4.17.6&#8243; _module_preset=&#8221;default&#8221; global_colors_info=&#8221;{}&#8221;][et_pb_text _builder_version=&#8221;4.27.6&#8243; _module_preset=&#8221;e6504a1b-67eb-4b3d-b023-bcab277610b6&#8243; header_4_font=&#8221;&#8211;et_global_heading_font|700||on|||||&#8221; header_4_text_color=&#8221;#0088ba&#8221; header_4_font_size=&#8221;14px&#8221; header_4_letter_spacing=&#8221;1px&#8221; header_4_line_height=&#8221;1.4em&#8221; text_orientation=&#8221;center&#8221; custom_margin=&#8221;||0px||false|false&#8221; hover_enabled=&#8221;0&#8243; global_colors_info=&#8221;{}&#8221; sticky_enabled=&#8221;0&#8243;]<\/p>\n<h4>DOM I APARTAMENTY WAKACYJNE*** | Klenovica | Chorwacja<\/h4>\n<p>[\/et_pb_text][et_pb_text _builder_version=&#8221;4.27.6&#8243; _module_preset=&#8221;c16985e1-e0d6-4022-964d-e2bfc04fa633&#8243; header_font=&#8221;&#8211;et_global_heading_font|700||on|||||&#8221; header_text_color=&#8221;#4c88ae&#8221; header_font_size=&#8221;75px&#8221; header_letter_spacing=&#8221;0.05em&#8221; header_line_height=&#8221;1.2em&#8221; text_orientation=&#8221;center&#8221; header_font_size_tablet=&#8221;40px&#8221; header_font_size_phone=&#8221;24px&#8221; header_font_size_last_edited=&#8221;on|desktop&#8221; header_text_shadow_style=&#8221;preset1&#8243; global_colors_info=&#8221;{}&#8221;]<\/p>\n<h1>Villa Lostura<\/h1>\n<p>[\/et_pb_text][\/et_pb_column][\/et_pb_row][et_pb_row column_structure=&#8221;1_4,1_4,1_4,1_4&#8243; use_custom_gutter=&#8221;on&#8221; gutter_width=&#8221;1&#8243; make_equal=&#8221;on&#8221; custom_padding_last_edited=&#8221;off|desktop&#8221; _builder_version=&#8221;4.27.6&#8243; _module_preset=&#8221;default&#8221; background_color=&#8221;rgba(250,245,239,0.87)&#8221; transform_scale_last_edited=&#8221;off|desktop&#8221; transform_translate_tablet=&#8221;0px|80%&#8221; transform_translate_phone=&#8221;0px|0%&#8221; transform_translate_last_edited=&#8221;off|desktop&#8221; transform_rotate_last_edited=&#8221;off|desktop&#8221; transform_skew_last_edited=&#8221;off|desktop&#8221; transform_origin_last_edited=&#8221;off|desktop&#8221; transform_styles_last_edited=&#8221;off|desktop&#8221; z_index=&#8221;10&#8243; width=&#8221;90%&#8221; width_last_edited=&#8221;off|desktop&#8221; max_width=&#8221;50%&#8221; custom_margin=&#8221;-3vw||||false|false&#8221; custom_margin_tablet=&#8221;||0vw||false|false&#8221; custom_margin_phone=&#8221;||0vw||false|false&#8221; custom_margin_last_edited=&#8221;on|desktop&#8221; custom_padding_tablet=&#8221;30px|30px|30px|30px|true|true&#8221; custom_padding_phone=&#8221;||||true|true&#8221; border_radii=&#8221;on|14px|14px|14px|14px&#8221; box_shadow_style=&#8221;preset1&#8243; box_shadow_vertical=&#8221;20px&#8221; box_shadow_blur=&#8221;50px&#8221; box_shadow_color=&#8221;rgba(63,22,0,0.2)&#8221; locked=&#8221;off&#8221; global_colors_info=&#8221;{}&#8221;][et_pb_column type=&#8221;1_4&#8243; _builder_version=&#8221;4.17.6&#8243; _module_preset=&#8221;default&#8221; custom_padding=&#8221;20px|20px|20px|20px|true|true&#8221; border_color_all=&#8221;#EBE4DD&#8221; border_width_right=&#8221;2px&#8221; border_width_right_tablet=&#8221;0px&#8221; border_width_right_phone=&#8221;0px&#8221; border_width_right_last_edited=&#8221;on|tablet&#8221; global_colors_info=&#8221;{}&#8221;][et_pb_blurb title=&#8221;Zidinice bb, 51252 Klenovica&#8221; use_icon=&#8221;on&#8221; font_icon=&#8221;&#xf3c5;||fa||900&#8243; icon_color=&#8221;#4c88ae&#8221; icon_placement=&#8221;left&#8221; image_icon_width=&#8221;24px&#8221; content_max_width=&#8221;100%&#8221; _builder_version=&#8221;4.27.6&#8243; _module_preset=&#8221;b62950b2-9f88-417a-a624-825d61ec2a3d&#8221; header_font=&#8221;&#8211;et_global_heading_font|700|||||||&#8221; header_text_color=&#8221;#D37643&#8243; header_font_size=&#8221;14px&#8221; header_letter_spacing=&#8221;1px&#8221; header_line_height=&#8221;1.4em&#8221; animation=&#8221;off&#8221; locked=&#8221;off&#8221; global_colors_info=&#8221;{}&#8221;][\/et_pb_blurb][\/et_pb_column][et_pb_column type=&#8221;1_4&#8243; _builder_version=&#8221;4.17.6&#8243; _module_preset=&#8221;default&#8221; custom_padding=&#8221;20px|20px|20px|20px|true|true&#8221; border_color_all=&#8221;#EBE4DD&#8221; border_width_right=&#8221;2px&#8221; border_width_right_tablet=&#8221;0px&#8221; border_width_right_phone=&#8221;0px&#8221; border_width_right_last_edited=&#8221;on|tablet&#8221; global_colors_info=&#8221;{}&#8221;][et_pb_blurb title=&#8221;sales@luje.hr&#8221; use_icon=&#8221;on&#8221; font_icon=&#8221;&#xf0b1;||fa||900&#8243; icon_color=&#8221;#4c88ae&#8221; icon_placement=&#8221;left&#8221; image_icon_width=&#8221;24px&#8221; content_max_width=&#8221;100%&#8221; _builder_version=&#8221;4.27.6&#8243; _module_preset=&#8221;b62950b2-9f88-417a-a624-825d61ec2a3d&#8221; header_font=&#8221;&#8211;et_global_heading_font|700|||||||&#8221; header_text_align=&#8221;left&#8221; header_text_color=&#8221;#D37643&#8243; header_font_size=&#8221;14px&#8221; header_letter_spacing=&#8221;1px&#8221; header_line_height=&#8221;1.4em&#8221; animation=&#8221;off&#8221; locked=&#8221;off&#8221; global_colors_info=&#8221;{}&#8221;][\/et_pb_blurb][\/et_pb_column][et_pb_column type=&#8221;1_4&#8243; _builder_version=&#8221;4.27.6&#8243; _module_preset=&#8221;default&#8221; custom_padding=&#8221;20px|20px|20px|20px|true|true&#8221; border_color_all=&#8221;#EBE4DD&#8221; border_width_right=&#8221;2px&#8221; border_width_right_tablet=&#8221;0px&#8221; border_width_right_phone=&#8221;0px&#8221; border_width_right_last_edited=&#8221;on|tablet&#8221; global_colors_info=&#8221;{}&#8221;][et_pb_blurb title=&#8221;+385 51 291 893&#8243; use_icon=&#8221;on&#8221; font_icon=&#8221;&#xf879;||fa||900&#8243; icon_color=&#8221;#4c88ae&#8221; icon_placement=&#8221;left&#8221; image_icon_width=&#8221;24px&#8221; content_max_width=&#8221;100%&#8221; _builder_version=&#8221;4.27.6&#8243; _module_preset=&#8221;b62950b2-9f88-417a-a624-825d61ec2a3d&#8221; header_font=&#8221;&#8211;et_global_heading_font|700||on|||||&#8221; header_text_color=&#8221;#D37643&#8243; header_font_size=&#8221;14px&#8221; header_letter_spacing=&#8221;1px&#8221; header_line_height=&#8221;1.4em&#8221; animation=&#8221;off&#8221; locked=&#8221;off&#8221; global_colors_info=&#8221;{}&#8221;][\/et_pb_blurb][\/et_pb_column][et_pb_column type=&#8221;1_4&#8243; _builder_version=&#8221;4.27.6&#8243; _module_preset=&#8221;default&#8221; custom_padding=&#8221;20px|20px|20px|20px|true|true&#8221; border_color_all=&#8221;#EBE4DD&#8221; border_width_right=&#8221;2px&#8221; border_width_right_tablet=&#8221;0px&#8221; border_width_right_phone=&#8221;0px&#8221; border_width_right_last_edited=&#8221;on|tablet&#8221; global_colors_info=&#8221;{}&#8221;][et_pb_blurb title=&#8221;45.102772\u00b0 N, 14.843641\u00b0 E&#8221; use_icon=&#8221;on&#8221; font_icon=&#8221;&#xf0ac;||fa||900&#8243; icon_color=&#8221;#4c88ae&#8221; icon_placement=&#8221;left&#8221; image_icon_width=&#8221;24px&#8221; content_max_width=&#8221;100%&#8221; _builder_version=&#8221;4.27.6&#8243; _module_preset=&#8221;b62950b2-9f88-417a-a624-825d61ec2a3d&#8221; header_font=&#8221;&#8211;et_global_heading_font|700||on|||||&#8221; header_text_color=&#8221;#D37643&#8243; header_font_size=&#8221;14px&#8221; header_letter_spacing=&#8221;1px&#8221; header_line_height=&#8221;1.4em&#8221; animation=&#8221;off&#8221; locked=&#8221;off&#8221; global_colors_info=&#8221;{}&#8221;][\/et_pb_blurb][\/et_pb_column][\/et_pb_row][\/et_pb_section][et_pb_section fb_built=&#8221;1&#8243; admin_label=&#8221;About&#8221; _builder_version=&#8221;4.27.6&#8243; _module_preset=&#8221;default&#8221; background_color=&#8221;#FAF5EF&#8221; custom_padding=&#8221;0px||||false|false&#8221; global_colors_info=&#8221;{}&#8221;][et_pb_row use_custom_gutter=&#8221;on&#8221; _builder_version=&#8221;4.27.6&#8243; _module_preset=&#8221;default&#8221; max_width=&#8221;50%&#8221; min_height=&#8221;141px&#8221; custom_margin=&#8221;36px|auto||auto||&#8221; global_colors_info=&#8221;{}&#8221;][et_pb_column type=&#8221;4_4&#8243; _builder_version=&#8221;4.27.6&#8243; _module_preset=&#8221;default&#8221; global_colors_info=&#8221;{}&#8221;][et_pb_text _builder_version=&#8221;4.27.6&#8243; _module_preset=&#8221;c16985e1-e0d6-4022-964d-e2bfc04fa633&#8243; header_font=&#8221;&#8211;et_global_heading_font|700||on|||||&#8221; header_text_color=&#8221;#4c88ae&#8221; header_font_size=&#8221;50px&#8221; header_letter_spacing=&#8221;0.05em&#8221; header_line_height=&#8221;1.2em&#8221; text_orientation=&#8221;center&#8221; header_font_size_tablet=&#8221;40px&#8221; header_font_size_phone=&#8221;24px&#8221; header_font_size_last_edited=&#8221;on|desktop&#8221; header_text_shadow_style=&#8221;preset1&#8243; global_colors_info=&#8221;{}&#8221;]<\/p>\n<h1>O willi Lostura<\/h1>\n<p>[\/et_pb_text][et_pb_text _builder_version=&#8221;4.27.6&#8243; _module_preset=&#8221;default&#8221; text_font=&#8221;&#8211;et_global_body_font||||||||&#8221; text_text_color=&#8221;#000000&#8243; text_font_size=&#8221;16px&#8221; header_2_font=&#8221;|700|||||||&#8221; header_2_text_align=&#8221;center&#8221; header_2_text_color=&#8221;#4c88ae&#8221; header_2_font_size=&#8221;30px&#8221; header_4_font=&#8221;&#8211;et_global_heading_font|&#8211;et_global_body_font_weight|||||||&#8221; text_orientation=&#8221;center&#8221; header_2_text_shadow_style=&#8221;preset1&#8243; header_2_text_shadow_color=&#8221;#FFFFFF&#8221; global_colors_info=&#8221;{}&#8221;]<\/p>\n<h4><strong>Villa Lostura<\/strong> to ekskluzywny dom wakacyjny, kt\u00f3ry mo\u017cna wynaj\u0105\u0107 jako ca\u0142y obiekt lub w ramach jednego z dziesi\u0119ciu starannie urz\u0105dzonych apartament\u00f3w. Ca\u0142y obiekt jest dost\u0119pny do wynaj\u0119cia na okres co najmniej jednego tygodnia, maksymalnie dw\u00f3ch tygodni, co jest idealnym rozwi\u0105zaniem dla wi\u0119kszych rodzin, grup przyjaci\u00f3\u0142 lub mniejszego <em>team buildingu<\/em>, kt\u00f3re ceni\u0105 sobie prywatno\u015b\u0107 i pe\u0142en komfort. Dla go\u015bci, kt\u00f3rzy nie potrzebuj\u0105 ca\u0142ej willi, istnieje mo\u017cliwo\u015b\u0107 wynajmu pojedynczego apartamentu \u2013 r\u00f3wnie\u017c na okres od minimum jednego do maksymalnie dw\u00f3ch tygodni \u2013 z dost\u0119pem do wszystkich cz\u0119\u015bci wsp\u00f3lnych.<\/h4>\n<h4>Serce willi stanowi\u0105 przestronne cz\u0119\u015bci wsp\u00f3lne rozmieszczone na parterze i p\u00f3\u0142pi\u0119trze: <em>du\u017cy hol wej\u015bciowy i lobby<\/em> do powitania go\u015bci i wsp\u00f3lnego sp\u0119dzania czasu, sala do spotka\u0144 grupowych oraz recepcja i pomieszczenia pomocnicze, kt\u00f3re zapewniaj\u0105 komfortowy i dobrze zorganizowany pobyt. Na p\u00f3\u0142pi\u0119trze znajduj\u0105 si\u0119 r\u00f3wnie\u017c taras oraz blok sanitarny, co stwarza wygodne strefy odpoczynku pomi\u0119dzy pobytem w apartamentach a korzystaniem z pozosta\u0142ych udogodnie\u0144.<\/h4>\n<h4>Willa oferuje bogaty wyb\u00f3r udogodnie\u0144 zar\u00f3wno dla os\u00f3b szukaj\u0105cych relaksu, jak i aktywnego wypoczynku. Na parterze znajduj\u0105 si\u0119 strefa rekreacyjna, kryty basen oraz odkryty basen, idealne do k\u0105pieli przez ca\u0142y rok, a tak\u017ce sauna dla pe\u0142nego odpr\u0119\u017cenia. Dodatkowo do dyspozycji go\u015bci jest si\u0142ownia, st\u00f3\u0142 do tenisa sto\u0142owego oraz dodatkowe przestrzenie do wsp\u00f3lnego sp\u0119dzania czasu, dzi\u0119ki czemu Villa Lostura doskonale sprawdza si\u0119 zar\u00f3wno jako miejsce spokojnego rodzinnego wypoczynku, jak i pobytu wi\u0119kszych grup, kt\u00f3re chc\u0105 sp\u0119dza\u0107 czas razem.<\/h4>\n<h4>Na wy\u017cszych kondygnacjach rozmieszczone s\u0105 apartamenty r\u00f3\u017cnych typ\u00f3w, ka\u017cdy z w\u0142asn\u0105 sypialni\u0105, salonem i kuchni\u0105 lub w uk\u0142adzie otwartej przestrzeni typu lounge\/kuchnia \u2013 w zale\u017cno\u015bci od apartamentu. Taki uk\u0142ad zapewnia odpowiedni\u0105 prywatno\u015b\u0107 ka\u017cdemu z go\u015bci, przy jednoczesnej mo\u017cliwo\u015bci wsp\u00f3lnego sp\u0119dzania czasu w cz\u0119\u015bciach wsp\u00f3lnych, na tarasach lub przy basenie. Dzi\u0119ki po\u0142\u0105czeniu prywatnych jednostek i przestronnych stref wsp\u00f3lnych Villa Lostura w naturalny spos\u00f3b \u0142\u0105czy intymn\u0105 atmosfer\u0119 kameralnego zakwaterowania z klimatem niewielkiego <em>boutique hotelu<\/em>.<\/h4>\n<p>[\/et_pb_text][\/et_pb_column][\/et_pb_row][\/et_pb_section][et_pb_section fb_built=&#8221;1&#8243; admin_label=&#8221;About&#8221; _builder_version=&#8221;4.27.6&#8243; _module_preset=&#8221;default&#8221; background_color=&#8221;#FAF5EF&#8221; use_background_color_gradient=&#8221;on&#8221; background_color_gradient_stops=&#8221;#faf5ef 0%|#ebe4dd 100%&#8221; custom_padding=&#8221;0px||||false|false&#8221; global_colors_info=&#8221;{}&#8221;][et_pb_row column_structure=&#8221;1_3,1_3,1_3&#8243; use_custom_gutter=&#8221;on&#8221; _builder_version=&#8221;4.27.6&#8243; _module_preset=&#8221;default&#8221; max_width=&#8221;80%&#8221; global_colors_info=&#8221;{}&#8221;][et_pb_column type=&#8221;1_3&#8243; _builder_version=&#8221;4.17.6&#8243; _module_preset=&#8221;default&#8221; global_colors_info=&#8221;{}&#8221;][et_pb_image src=&#8221;https:\/\/villa-lostura.com\/wp-content\/uploads\/2026\/03\/villa_lostura_tlocrt1.png&#8221; alt=&#8221;Villa Lostura | Dom wakacyjny | Apartamenty | Klenovica | Chorwacja&#8221; title_text=&#8221;Villa Lostura | Dom wakacyjny | Apartamenty | Klenovica | Chorwacja&#8221; show_in_lightbox=&#8221;on&#8221; show_bottom_space=&#8221;off&#8221; module_class=&#8221;lostura-lightbox&#8221; _builder_version=&#8221;4.27.6&#8243; _module_preset=&#8221;default&#8221; scroll_vertical_motion=&#8221;0|50|50|100|1|0|-1&#8243; global_colors_info=&#8221;{}&#8221;][\/et_pb_image][\/et_pb_column][et_pb_column type=&#8221;1_3&#8243; _builder_version=&#8221;4.17.6&#8243; _module_preset=&#8221;default&#8221; global_colors_info=&#8221;{}&#8221;][et_pb_image src=&#8221;https:\/\/villa-lostura.com\/wp-content\/uploads\/2026\/03\/villa_lostura_tlocrt2.png&#8221; alt=&#8221;Villa Lostura | Dom wakacyjny | Apartamenty | Klenovica | Chorwacja&#8221; title_text=&#8221;Villa Lostura | Dom wakacyjny | Apartamenty | Klenovica | Chorwacja&#8221; show_in_lightbox=&#8221;on&#8221; module_class=&#8221;lostura-lightbox&#8221; _builder_version=&#8221;4.27.6&#8243; _module_preset=&#8221;default&#8221; global_colors_info=&#8221;{}&#8221;][\/et_pb_image][\/et_pb_column][et_pb_column type=&#8221;1_3&#8243; _builder_version=&#8221;4.17.6&#8243; _module_preset=&#8221;default&#8221; global_colors_info=&#8221;{}&#8221;][et_pb_image src=&#8221;https:\/\/villa-lostura.com\/wp-content\/uploads\/2026\/03\/villa_lostura_tlocrt3.png&#8221; alt=&#8221;Villa Lostura | Dom wakacyjny | Apartamenty | Klenovica | Chorwacja&#8221; title_text=&#8221;Villa Lostura | Dom wakacyjny | Apartamenty | Klenovica | Chorwacja&#8221; show_in_lightbox=&#8221;on&#8221; module_class=&#8221;lostura-lightbox&#8221; _builder_version=&#8221;4.27.6&#8243; _module_preset=&#8221;default&#8221; global_colors_info=&#8221;{}&#8221;][\/et_pb_image][\/et_pb_column][\/et_pb_row][\/et_pb_section][et_pb_section fb_built=&#8221;1&#8243; _builder_version=&#8221;4.27.6&#8243; _module_preset=&#8221;default&#8221; background_color=&#8221;#ebe4dd&#8221; global_colors_info=&#8221;{}&#8221;][et_pb_row _builder_version=&#8221;4.27.6&#8243; _module_preset=&#8221;default&#8221; global_colors_info=&#8221;{}&#8221;][et_pb_column type=&#8221;4_4&#8243; _builder_version=&#8221;4.27.6&#8243; _module_preset=&#8221;default&#8221; global_colors_info=&#8221;{}&#8221;][et_pb_text _builder_version=&#8221;4.27.6&#8243; _module_preset=&#8221;c16985e1-e0d6-4022-964d-e2bfc04fa633&#8243; header_font=&#8221;&#8211;et_global_heading_font|700||on|||||&#8221; header_text_color=&#8221;#4c88ae&#8221; header_font_size=&#8221;50px&#8221; header_letter_spacing=&#8221;0.05em&#8221; header_line_height=&#8221;1.2em&#8221; text_orientation=&#8221;center&#8221; header_font_size_tablet=&#8221;40px&#8221; header_font_size_phone=&#8221;24px&#8221; header_font_size_last_edited=&#8221;on|desktop&#8221; header_text_shadow_style=&#8221;preset1&#8243; global_colors_info=&#8221;{}&#8221;]<\/p>\n<h1>Villa Lostura \u2013 galeria<\/h1>\n<p>[\/et_pb_text][\/et_pb_column][\/et_pb_row][\/et_pb_section][et_pb_section fb_built=&#8221;1&#8243; admin_label=&#8221;About&#8221; _builder_version=&#8221;4.27.6&#8243; _module_preset=&#8221;default&#8221; background_color=&#8221;#ebe4dd&#8221; custom_padding=&#8221;0px||||false|false&#8221; global_colors_info=&#8221;{}&#8221;][et_pb_row _builder_version=&#8221;4.27.6&#8243; _module_preset=&#8221;default&#8221; max_width=&#8221;80%&#8221; global_colors_info=&#8221;{}&#8221;][et_pb_column type=&#8221;4_4&#8243; _builder_version=&#8221;4.27.6&#8243; _module_preset=&#8221;default&#8221; global_colors_info=&#8221;{}&#8221;][et_pb_gallery gallery_ids=&#8221;8344,8345,8346,8347,8361,8362,8363,8364,8365,8366,8367,8368&#8243; posts_number=&#8221;12&#8243; show_title_and_caption=&#8221;off&#8221; show_pagination=&#8221;off&#8221; hover_icon=&#8221;&#xe00f;||divi||400&#8243; _builder_version=&#8221;4.27.6&#8243; _module_preset=&#8221;default&#8221; title_text_color=&#8221;#4c88ae&#8221; caption_text_color=&#8221;#4c88ae&#8221; pagination_text_color=&#8221;#4c88ae&#8221; border_radii_image=&#8221;on|10px|10px|10px|10px&#8221; box_shadow_style_image=&#8221;preset1&#8243; global_colors_info=&#8221;{}&#8221;][\/et_pb_gallery][\/et_pb_column][\/et_pb_row][\/et_pb_section]<\/p>\n","protected":false},"excerpt":{"rendered":"<p>DOM I APARTAMENTY WAKACYJNE*** | Klenovica | ChorwacjaVilla LosturaO willi LosturaVilla Lostura to ekskluzywny dom wakacyjny, kt\u00f3ry mo\u017cna wynaj\u0105\u0107 jako ca\u0142y obiekt lub w ramach jednego z dziesi\u0119ciu starannie urz\u0105dzonych apartament\u00f3w. Ca\u0142y obiekt jest dost\u0119pny do wynaj\u0119cia na okres co najmniej jednego tygodnia, maksymalnie dw\u00f3ch tygodni, co jest idealnym rozwi\u0105zaniem dla wi\u0119kszych rodzin, grup przyjaci\u00f3\u0142 [&hellip;]<\/p>\n","protected":false},"author":1,"featured_media":0,"parent":0,"menu_order":0,"comment_status":"closed","ping_status":"closed","template":"","meta":{"_et_pb_use_builder":"on","_et_pb_old_content":"","_et_gb_content_width":"","footnotes":""},"class_list":["post-8370","page","type-page","status-publish","hentry"],"_links":{"self":[{"href":"https:\/\/villa-lostura.com\/pl\/wp-json\/wp\/v2\/pages\/8370","targetHints":{"allow":["GET"]}}],"collection":[{"href":"https:\/\/villa-lostura.com\/pl\/wp-json\/wp\/v2\/pages"}],"about":[{"href":"https:\/\/villa-lostura.com\/pl\/wp-json\/wp\/v2\/types\/page"}],"author":[{"embeddable":true,"href":"https:\/\/villa-lostura.com\/pl\/wp-json\/wp\/v2\/users\/1"}],"replies":[{"embeddable":true,"href":"https:\/\/villa-lostura.com\/pl\/wp-json\/wp\/v2\/comments?post=8370"}],"version-history":[{"count":3,"href":"https:\/\/villa-lostura.com\/pl\/wp-json\/wp\/v2\/pages\/8370\/revisions"}],"predecessor-version":[{"id":8373,"href":"https:\/\/villa-lostura.com\/pl\/wp-json\/wp\/v2\/pages\/8370\/revisions\/8373"}],"wp:attachment":[{"href":"https:\/\/villa-lostura.com\/pl\/wp-json\/wp\/v2\/media?parent=8370"}],"curies":[{"name":"wp","href":"https:\/\/api.w.org\/{rel}","templated":true}]}}