{"id":8377,"date":"2026-04-19T13:14:02","date_gmt":"2026-04-19T11:14:02","guid":{"rendered":"https:\/\/villa-lostura.com\/klenovica-lokalizacja\/"},"modified":"2026-05-07T13:24:46","modified_gmt":"2026-05-07T11:24:46","slug":"klenovica-lokalizacja","status":"publish","type":"page","link":"https:\/\/villa-lostura.com\/pl\/klenovica-lokalizacja\/","title":{"rendered":"Klenovica \u2013 lokalizacja"},"content":{"rendered":"<p>[et_pb_section fb_built=&#8221;1&#8243; admin_label=&#8221;Header&#8221; _builder_version=&#8221;4.27.6&#8243; _module_preset=&#8221;default&#8221; background_color=&#8221;#faf5ef&#8221; background_image=&#8221;https:\/\/villa-lostura.com\/wp-content\/uploads\/2026\/04\/villa_lostura_klenovica_header_lokacija.jpg&#8221; top_divider_color=&#8221;#faf5ef&#8221; border_radii=&#8221;on|20px|20px|20px|20px&#8221; border_width_all=&#8221;1vw&#8221; border_color_all=&#8221;RGBA(255,255,255,0)&#8221; border_width_top=&#8221;5vw&#8221; border_width_all_tablet=&#8221;5vw&#8221; border_width_all_phone=&#8221;0vw&#8221; border_width_all_last_edited=&#8221;on|desktop&#8221; global_colors_info=&#8221;{}&#8221;][et_pb_row custom_padding_last_edited=&#8221;on|desktop&#8221; _builder_version=&#8221;4.27.6&#8243; _module_preset=&#8221;default&#8221; background_color=&#8221;rgba(250,245,239,0.75)&#8221; custom_margin=&#8221;5%||5%||false|false&#8221; custom_padding=&#8221;50px|50px|50px|50px|true|true&#8221; custom_padding_tablet=&#8221;30px|30px|30px|30px|true|true&#8221; custom_padding_phone=&#8221;20px|20px|20px|20px|true|true&#8221; border_radii=&#8221;on|28px|28px|28px|28px&#8221; box_shadow_style=&#8221;preset1&#8243; global_colors_info=&#8221;{}&#8221;][et_pb_column type=&#8221;4_4&#8243; _builder_version=&#8221;4.17.6&#8243; _module_preset=&#8221;default&#8221; global_colors_info=&#8221;{}&#8221;][et_pb_text _builder_version=&#8221;4.27.6&#8243; _module_preset=&#8221;e6504a1b-67eb-4b3d-b023-bcab277610b6&#8243; header_4_font=&#8221;&#8211;et_global_heading_font|700||on|||||&#8221; header_4_text_color=&#8221;#0088ba&#8221; header_4_font_size=&#8221;14px&#8221; header_4_letter_spacing=&#8221;1px&#8221; header_4_line_height=&#8221;1.4em&#8221; text_orientation=&#8221;center&#8221; custom_margin=&#8221;||0px||false|false&#8221; hover_enabled=&#8221;0&#8243; global_colors_info=&#8221;{}&#8221; sticky_enabled=&#8221;0&#8243; header_4_font_size_last_edited=&#8221;on|phone&#8221; header_4_font_size_tablet=&#8221;14px&#8221; header_4_font_size_phone=&#8221;14px&#8221;]<\/p>\n<h4>DOM I APARTAMENTY WAKACYJNE*** | Klenovica | Chorwacja<\/h4>\n<p>[\/et_pb_text][et_pb_text _builder_version=&#8221;4.27.6&#8243; _module_preset=&#8221;c16985e1-e0d6-4022-964d-e2bfc04fa633&#8243; header_font=&#8221;&#8211;et_global_heading_font|700||on|||||&#8221; header_text_color=&#8221;#4c88ae&#8221; header_font_size=&#8221;75px&#8221; header_letter_spacing=&#8221;0.05em&#8221; header_line_height=&#8221;1.2em&#8221; text_orientation=&#8221;center&#8221; header_font_size_tablet=&#8221;40px&#8221; header_font_size_phone=&#8221;24px&#8221; header_font_size_last_edited=&#8221;on|desktop&#8221; header_text_shadow_style=&#8221;preset1&#8243; global_colors_info=&#8221;{}&#8221;]<\/p>\n<h1>Villa Lostura<\/h1>\n<p>[\/et_pb_text][\/et_pb_column][\/et_pb_row][et_pb_row column_structure=&#8221;1_4,1_4,1_4,1_4&#8243; use_custom_gutter=&#8221;on&#8221; gutter_width=&#8221;1&#8243; make_equal=&#8221;on&#8221; custom_padding_last_edited=&#8221;off|desktop&#8221; _builder_version=&#8221;4.27.6&#8243; _module_preset=&#8221;default&#8221; background_color=&#8221;rgba(250,245,239,0.87)&#8221; transform_scale_last_edited=&#8221;off|desktop&#8221; transform_translate_tablet=&#8221;0px|80%&#8221; transform_translate_phone=&#8221;0px|0%&#8221; transform_translate_last_edited=&#8221;off|desktop&#8221; transform_rotate_last_edited=&#8221;off|desktop&#8221; transform_skew_last_edited=&#8221;off|desktop&#8221; transform_origin_last_edited=&#8221;off|desktop&#8221; transform_styles_last_edited=&#8221;off|desktop&#8221; z_index=&#8221;10&#8243; width=&#8221;90%&#8221; width_last_edited=&#8221;off|desktop&#8221; max_width=&#8221;50%&#8221; custom_margin=&#8221;-3vw||||false|false&#8221; custom_margin_tablet=&#8221;||0vw||false|false&#8221; custom_margin_phone=&#8221;||0vw||false|false&#8221; custom_margin_last_edited=&#8221;on|desktop&#8221; custom_padding_tablet=&#8221;30px|30px|30px|30px|true|true&#8221; custom_padding_phone=&#8221;||||true|true&#8221; border_radii=&#8221;on|14px|14px|14px|14px&#8221; box_shadow_style=&#8221;preset1&#8243; box_shadow_vertical=&#8221;20px&#8221; box_shadow_blur=&#8221;50px&#8221; box_shadow_color=&#8221;rgba(63,22,0,0.2)&#8221; locked=&#8221;off&#8221; global_colors_info=&#8221;{}&#8221;][et_pb_column type=&#8221;1_4&#8243; _builder_version=&#8221;4.17.6&#8243; _module_preset=&#8221;default&#8221; custom_padding=&#8221;20px|20px|20px|20px|true|true&#8221; border_color_all=&#8221;#EBE4DD&#8221; border_width_right=&#8221;2px&#8221; border_width_right_tablet=&#8221;0px&#8221; border_width_right_phone=&#8221;0px&#8221; border_width_right_last_edited=&#8221;on|tablet&#8221; global_colors_info=&#8221;{}&#8221;][et_pb_blurb title=&#8221;Zidinice bb, 51252 Klenovica&#8221; use_icon=&#8221;on&#8221; font_icon=&#8221;&#xf3c5;||fa||900&#8243; icon_color=&#8221;#4c88ae&#8221; icon_placement=&#8221;left&#8221; image_icon_width=&#8221;24px&#8221; content_max_width=&#8221;100%&#8221; _builder_version=&#8221;4.27.6&#8243; _module_preset=&#8221;b62950b2-9f88-417a-a624-825d61ec2a3d&#8221; header_font=&#8221;&#8211;et_global_heading_font|700|||||||&#8221; header_text_color=&#8221;#D37643&#8243; header_font_size=&#8221;14px&#8221; header_letter_spacing=&#8221;1px&#8221; header_line_height=&#8221;1.4em&#8221; animation=&#8221;off&#8221; locked=&#8221;off&#8221; global_colors_info=&#8221;{}&#8221;][\/et_pb_blurb][\/et_pb_column][et_pb_column type=&#8221;1_4&#8243; _builder_version=&#8221;4.17.6&#8243; _module_preset=&#8221;default&#8221; custom_padding=&#8221;20px|20px|20px|20px|true|true&#8221; border_color_all=&#8221;#EBE4DD&#8221; border_width_right=&#8221;2px&#8221; border_width_right_tablet=&#8221;0px&#8221; border_width_right_phone=&#8221;0px&#8221; border_width_right_last_edited=&#8221;on|tablet&#8221; global_colors_info=&#8221;{}&#8221;][et_pb_blurb title=&#8221;sales@luje.hr&#8221; use_icon=&#8221;on&#8221; font_icon=&#8221;&#xf0b1;||fa||900&#8243; icon_color=&#8221;#4c88ae&#8221; icon_placement=&#8221;left&#8221; image_icon_width=&#8221;24px&#8221; content_max_width=&#8221;100%&#8221; _builder_version=&#8221;4.27.6&#8243; _module_preset=&#8221;b62950b2-9f88-417a-a624-825d61ec2a3d&#8221; header_font=&#8221;&#8211;et_global_heading_font|700|||||||&#8221; header_text_align=&#8221;left&#8221; header_text_color=&#8221;#D37643&#8243; header_font_size=&#8221;14px&#8221; header_letter_spacing=&#8221;1px&#8221; header_line_height=&#8221;1.4em&#8221; animation=&#8221;off&#8221; locked=&#8221;off&#8221; global_colors_info=&#8221;{}&#8221;][\/et_pb_blurb][\/et_pb_column][et_pb_column type=&#8221;1_4&#8243; _builder_version=&#8221;4.27.6&#8243; _module_preset=&#8221;default&#8221; custom_padding=&#8221;20px|20px|20px|20px|true|true&#8221; border_color_all=&#8221;#EBE4DD&#8221; border_width_right=&#8221;2px&#8221; border_width_right_tablet=&#8221;0px&#8221; border_width_right_phone=&#8221;0px&#8221; border_width_right_last_edited=&#8221;on|tablet&#8221; global_colors_info=&#8221;{}&#8221;][et_pb_blurb title=&#8221;+385 51 291 893&#8243; use_icon=&#8221;on&#8221; font_icon=&#8221;&#xf879;||fa||900&#8243; icon_color=&#8221;#4c88ae&#8221; icon_placement=&#8221;left&#8221; image_icon_width=&#8221;24px&#8221; content_max_width=&#8221;100%&#8221; _builder_version=&#8221;4.27.6&#8243; _module_preset=&#8221;b62950b2-9f88-417a-a624-825d61ec2a3d&#8221; header_font=&#8221;&#8211;et_global_heading_font|700||on|||||&#8221; header_text_color=&#8221;#D37643&#8243; header_font_size=&#8221;14px&#8221; header_letter_spacing=&#8221;1px&#8221; header_line_height=&#8221;1.4em&#8221; animation=&#8221;off&#8221; locked=&#8221;off&#8221; global_colors_info=&#8221;{}&#8221;][\/et_pb_blurb][\/et_pb_column][et_pb_column type=&#8221;1_4&#8243; _builder_version=&#8221;4.27.6&#8243; _module_preset=&#8221;default&#8221; custom_padding=&#8221;20px|20px|20px|20px|true|true&#8221; border_color_all=&#8221;#EBE4DD&#8221; border_width_right=&#8221;2px&#8221; border_width_right_tablet=&#8221;0px&#8221; border_width_right_phone=&#8221;0px&#8221; border_width_right_last_edited=&#8221;on|tablet&#8221; global_colors_info=&#8221;{}&#8221;][et_pb_blurb title=&#8221;45.102772\u00b0 N, 14.843641\u00b0 E&#8221; use_icon=&#8221;on&#8221; font_icon=&#8221;&#xf0ac;||fa||900&#8243; icon_color=&#8221;#4c88ae&#8221; icon_placement=&#8221;left&#8221; image_icon_width=&#8221;24px&#8221; content_max_width=&#8221;100%&#8221; _builder_version=&#8221;4.27.6&#8243; _module_preset=&#8221;b62950b2-9f88-417a-a624-825d61ec2a3d&#8221; header_font=&#8221;&#8211;et_global_heading_font|700||on|||||&#8221; header_text_color=&#8221;#D37643&#8243; header_font_size=&#8221;14px&#8221; header_letter_spacing=&#8221;1px&#8221; header_line_height=&#8221;1.4em&#8221; animation=&#8221;off&#8221; locked=&#8221;off&#8221; global_colors_info=&#8221;{}&#8221;][\/et_pb_blurb][\/et_pb_column][\/et_pb_row][\/et_pb_section][et_pb_section fb_built=&#8221;1&#8243; admin_label=&#8221;About&#8221; _builder_version=&#8221;4.27.6&#8243; _module_preset=&#8221;default&#8221; background_color=&#8221;#FAF5EF&#8221; custom_padding=&#8221;0px||||false|false&#8221; global_colors_info=&#8221;{}&#8221;][et_pb_row use_custom_gutter=&#8221;on&#8221; _builder_version=&#8221;4.27.6&#8243; _module_preset=&#8221;default&#8221; max_width=&#8221;50%&#8221; min_height=&#8221;141px&#8221; custom_margin=&#8221;36px|auto||auto||&#8221; global_colors_info=&#8221;{}&#8221;][et_pb_column type=&#8221;4_4&#8243; _builder_version=&#8221;4.27.6&#8243; _module_preset=&#8221;default&#8221; global_colors_info=&#8221;{}&#8221;][et_pb_text _builder_version=&#8221;4.27.6&#8243; _module_preset=&#8221;c16985e1-e0d6-4022-964d-e2bfc04fa633&#8243; header_font=&#8221;&#8211;et_global_heading_font|700||on|||||&#8221; header_text_color=&#8221;#4c88ae&#8221; header_font_size=&#8221;50px&#8221; header_letter_spacing=&#8221;0.05em&#8221; header_line_height=&#8221;1.2em&#8221; text_orientation=&#8221;center&#8221; header_font_size_tablet=&#8221;40px&#8221; header_font_size_phone=&#8221;24px&#8221; header_font_size_last_edited=&#8221;on|desktop&#8221; header_text_shadow_style=&#8221;preset1&#8243; global_colors_info=&#8221;{}&#8221;]<\/p>\n<h1>Lokalizacja Villa Lostura \u2013 Klenovica<\/h1>\n<p>[\/et_pb_text][et_pb_text _builder_version=&#8221;4.27.6&#8243; _module_preset=&#8221;default&#8221; text_font=&#8221;&#8211;et_global_body_font||||||||&#8221; text_text_color=&#8221;#000000&#8243; text_font_size=&#8221;16px&#8221; header_2_font=&#8221;|700|||||||&#8221; header_2_text_align=&#8221;center&#8221; header_2_text_color=&#8221;#4c88ae&#8221; header_2_font_size=&#8221;30px&#8221; header_4_font=&#8221;&#8211;et_global_heading_font|&#8211;et_global_body_font_weight|||||||&#8221; text_orientation=&#8221;center&#8221; header_2_text_shadow_style=&#8221;preset1&#8243; header_2_text_shadow_color=&#8221;#FFFFFF&#8221; global_colors_info=&#8221;{}&#8221;]<\/p>\n<h4><strong>Klenovica<\/strong> to spokojna nadmorska miejscowo\u015b\u0107 po\u0142o\u017cona w doskona\u0142ej lokalizacji mi\u0119dzy <strong>Rijek\u0105<\/strong> a <strong>Senjem<\/strong>, idealna dla go\u015bci, kt\u00f3rzy chc\u0105 odkrywa\u0107 region <strong>Kvarneru<\/strong>, a jednocze\u015bnie mie\u0107 swoj\u0105 oaz\u0119 spokoju tu\u017c przy morzu. Dzi\u0119ki blisko\u015bci autostrady do Klenovicy mo\u017cna dotrze\u0107 szybko i wygodnie z r\u00f3\u017cnych cz\u0119\u015bci <strong>Chorwacji<\/strong> i <strong>Europy<\/strong>, bez d\u0142ugiej jazdy lokalnymi drogami.<\/h4>\n<h4>W niedalekiej okolicy znajduje si\u0119 wiele ciekawych miejsc \u2013 miasto <strong>Rijeka<\/strong>, historyczny <strong>Senj<\/strong>, wyspy <strong>Krk<\/strong>, <strong>Rab<\/strong> i <strong>Pag<\/strong> oraz parki narodowe <strong>P\u00f3\u0142nocny Welebit<\/strong> i <strong>Park Narodowy Jezior Plitwickich<\/strong>, co sprawia, \u017ce Klenovica jest doskona\u0142ym punktem wyj\u015bcia na wycieczki jednodniowe. Go\u015bciom przybywaj\u0105cym samolotem szczeg\u00f3lnie odpowiada blisko\u015b\u0107 <strong>Lotniska Rijeka<\/strong> na <strong>wyspie Krk<\/strong>, sk\u0105d do <strong>Villa Lostura<\/strong> mo\u017cna dotrze\u0107 w stosunkowo kr\u00f3tkim czasie jazdy.<\/h4>\n<h4>Mimo \u015bwietnych po\u0142\u0105cze\u0144 komunikacyjnych Klenovica zachowuje urok ma\u0142ej nadmorskiej miejscowo\u015bci \u2013 bez du\u017cych t\u0142um\u00f3w, z czystym morzem, swobodn\u0105 atmosfer\u0105, spacerami wzd\u0142u\u017c wybrze\u017ca i autentycznym do\u015bwiadczeniem pobytu na chorwackim wybrze\u017cu. To w\u0142a\u015bnie po\u0142\u0105czenie spokojnego miejsca, krystalicznie czystego morza i znakomitych po\u0142\u0105cze\u0144 drogowych sprawia, \u017ce Villa Lostura jest idealnie po\u0142o\u017con\u0105 baz\u0105 do wypoczynku i odkrywania ca\u0142ego Kvarneru.<\/h4>\n<p>[\/et_pb_text][\/et_pb_column][\/et_pb_row][\/et_pb_section][et_pb_section fb_built=&#8221;1&#8243; fullwidth=&#8221;on&#8221; _builder_version=&#8221;4.27.6&#8243; _module_preset=&#8221;default&#8221; global_colors_info=&#8221;{}&#8221;][et_pb_fullwidth_map address=&#8221;Klenovica, Croatia&#8221; zoom_level=&#8221;8&#8243; address_lat=&#8221;45.101632&#8243; address_lng=&#8221;14.8445516&#8243; _builder_version=&#8221;4.27.6&#8243; _module_preset=&#8221;default&#8221; height=&#8221;640px&#8221; child_filter_hue_rotate=&#8221;22deg&#8221; child_filter_saturate=&#8221;155%&#8221; box_shadow_style=&#8221;preset1&#8243; box_shadow_position=&#8221;inner&#8221; global_colors_info=&#8221;{}&#8221;][et_pb_map_pin pin_address=&#8221;Zidinice 2, 51250, Klenovica, Croatia&#8221; zoom_level=&#8221;16&#8243; pin_address_lat=&#8221;45.102457447097&#8243; pin_address_lng=&#8221;14.843645013353&#8243; _builder_version=&#8221;4.27.6&#8243; _module_preset=&#8221;default&#8221; global_colors_info=&#8221;{}&#8221;]<\/p>\n<p><img decoding=\"async\" src=\"https:\/\/villa-lostura.com\/wp-content\/uploads\/2026\/03\/villa-lostura-logo.svg\" width=\"168\" height=\"168\" alt=\"Villa Lostura | Klenovica | Odmor | Apartmani | Iznajmljivanje\" class=\"wp-image-48 alignnone size-medium\" \/><\/p>\n<p>[\/et_pb_map_pin][\/et_pb_fullwidth_map][\/et_pb_section]<\/p>\n","protected":false},"excerpt":{"rendered":"<p>DOM I APARTAMENTY WAKACYJNE*** | Klenovica | ChorwacjaVilla LosturaLokalizacja Villa Lostura \u2013 KlenovicaKlenovica to spokojna nadmorska miejscowo\u015b\u0107 po\u0142o\u017cona w doskona\u0142ej lokalizacji mi\u0119dzy Rijek\u0105 a Senjem, idealna dla go\u015bci, kt\u00f3rzy chc\u0105 odkrywa\u0107 region Kvarneru, a jednocze\u015bnie mie\u0107 swoj\u0105 oaz\u0119 spokoju tu\u017c przy morzu. Dzi\u0119ki blisko\u015bci autostrady do Klenovicy mo\u017cna dotrze\u0107 szybko i wygodnie z r\u00f3\u017cnych cz\u0119\u015bci [&hellip;]<\/p>\n","protected":false},"author":1,"featured_media":0,"parent":0,"menu_order":0,"comment_status":"closed","ping_status":"closed","template":"","meta":{"_et_pb_use_builder":"on","_et_pb_old_content":"","_et_gb_content_width":"","footnotes":""},"class_list":["post-8377","page","type-page","status-publish","hentry"],"_links":{"self":[{"href":"https:\/\/villa-lostura.com\/pl\/wp-json\/wp\/v2\/pages\/8377","targetHints":{"allow":["GET"]}}],"collection":[{"href":"https:\/\/villa-lostura.com\/pl\/wp-json\/wp\/v2\/pages"}],"about":[{"href":"https:\/\/villa-lostura.com\/pl\/wp-json\/wp\/v2\/types\/page"}],"author":[{"embeddable":true,"href":"https:\/\/villa-lostura.com\/pl\/wp-json\/wp\/v2\/users\/1"}],"replies":[{"embeddable":true,"href":"https:\/\/villa-lostura.com\/pl\/wp-json\/wp\/v2\/comments?post=8377"}],"version-history":[{"count":2,"href":"https:\/\/villa-lostura.com\/pl\/wp-json\/wp\/v2\/pages\/8377\/revisions"}],"predecessor-version":[{"id":8379,"href":"https:\/\/villa-lostura.com\/pl\/wp-json\/wp\/v2\/pages\/8377\/revisions\/8379"}],"wp:attachment":[{"href":"https:\/\/villa-lostura.com\/pl\/wp-json\/wp\/v2\/media?parent=8377"}],"curies":[{"name":"wp","href":"https:\/\/api.w.org\/{rel}","templated":true}]}}